{"id":1124,"date":"2021-08-20T15:38:57","date_gmt":"2021-08-20T14:38:57","guid":{"rendered":"https:\/\/valerie-dichtl.com\/?page_id=1124"},"modified":"2024-12-02T13:53:17","modified_gmt":"2024-12-02T12:53:17","slug":"impressum","status":"publish","type":"page","link":"https:\/\/valerie-dichtl.com\/en\/impressum\/","title":{"rendered":"Imprint"},"content":{"rendered":"<p><strong>Information according to \u00a7 5 TMG<\/strong><br>S.C Marketplace Universe S.R.L<br>CEO: Frank Bogana | Partner: Valerie Dichtl<br>Regele Ferdinand No.6, Scara A, Ap. 3<br>550200 Sibiu<br>Romania<\/p>\n\n\n\n<p><strong>Represented by:<\/strong> CEO: Frank Bogana | Partner: Valerie Dichtl<\/p>\n\n\n\n<p><strong>Contact:<\/strong><br>Phone: 015678801171<br>E-mail: info@valerie-dichtl.com<\/p>\n\n\n\n<p><strong>Register entry:<\/strong><br>Register: Commercial register<br>Register location: Sibiu<br>Registration number: J32\/1748\/2022<\/p>\n\n\n\n<p>VAT number: RO46656772<\/p>\n\n\n\n<p><strong>Disclaimer<br>Liability for links:<\/strong><br>Our website contains links to external third-party websites over whose content we have no influence. Therefore, we cannot accept any liability for this third-party content. The respective provider or operator of the pages is always responsible for the content of the linked pages. The linked pages were checked for possible legal violations at the time of linking. Illegal contents were not recognisable at the time of linking. However, permanent monitoring of the content of the linked pages is not reasonable without concrete evidence of an infringement. If we become aware of any legal infringements, we will remove such links immediately.<\/p>\n\n\n\n<p><strong>Liability for content:<\/strong><br>The content of our website has been created with the greatest care. However, we cannot accept any liability for the accuracy, completeness and topicality of the content. As a service provider, we are responsible for our own content on these pages in accordance with \u00a7 7 para.1 TMG (German Telemedia Act) and general laws. According to \u00a7 8 to 10 TMG, however, we are not obliged as a service provider to monitor transmitted or stored third-party information or to investigate circumstances that indicate illegal activity. Obligations to remove or block the use of information in accordance with general legislation remain unaffected by this. However, liability in this respect is only possible from the time of knowledge of a specific infringement. As soon as we become aware of such infringements, we will remove this content immediately.<\/p>\n\n\n\n<p><strong>Copyright<\/strong><br>The content and works created by the site operators on these pages are subject to German copyright law. Duplication, processing, distribution and any kind of utilisation outside the limits of copyright law require the written consent of the respective author or creator. Downloads and copies of this site are only permitted for private, non-commercial use. Insofar as the content on this site was not created by the operator, the copyrights of third parties are respected. In particular, third-party content is labelled as such. Should you nevertheless become aware of a copyright infringement, please inform us accordingly. If we become aware of any infringements, we will remove such content immediately.<\/p>\n\n\n\n<p><strong>Responsible for the content according to \u00a7 55 Abs. 2 RStV<\/strong><br>S.C Marketplace Universe S.R.L<br>Regele Ferdinand No.6, Scara A, Ap. 3<br>550200 Sibiu<br>Romania<\/p>\n\n\n\n<p><strong>Online dispute settlement<\/strong><br>Online dispute settlement according to Art. 14 para. 1 ODR-VO: The European Commission provides an Online Dispute Resolution Platform (OS) which you can access at <a href=\"http:\/\/ec.europa.eu\/consumers\/odr\/\" target=\"_blank\" rel=\"noreferrer noopener\">http:\/\/ec.europa.eu\/consumers\/odr\/<\/a> .<\/p>\n\n\n\n<div style=\"height:100px\" aria-hidden=\"true\" class=\"wp-block-spacer\"><\/div>\n\n\n\n<p><\/p>","protected":false},"excerpt":{"rendered":"<p>Angaben gem\u00e4\u00df \u00a7 5 TMGS.C Marketplace Universe S.R.LCEO: Frank Bogana | Gesellschafterin: Valerie DichtlRegele Ferdinand Nr.6, Scara A, Ap. 3550200 SibiuRum\u00e4nien Vertreten durch: CEO: Frank Bogana | Gesellschafterin: Valerie Dichtl Kontakt:Telefon: 015678801171E-Mail: info@valerie-dichtl.com Registereintrag:Register: HandelsregisterRegister Ort: SibiuRegisternummer: J32\/1748\/2022 Umsatzsteuernummer: RO46656772 HaftungsausschlussHaftung f\u00fcr Links:Unser Angebot enth\u00e4lt Links zu externen Webseiten Dritter, auf deren Inhalte wir keinen [&hellip;]<\/p>\n","protected":false},"author":3,"featured_media":0,"parent":0,"menu_order":0,"comment_status":"closed","ping_status":"closed","template":"","meta":{"_et_pb_use_builder":"off","_et_pb_old_content":"<!-- wp:shortcode -->\n[dsgvo_imprint]\n<!-- \/wp:shortcode -->\n\n<!-- wp:paragraph -->\n<p><strong>Verantwortlich f\u00fcr den Inhalt nach \u00a7 55 Abs. 2 RStV<\/strong><\/p>\n<!-- \/wp:paragraph -->\n\n<!-- wp:paragraph -->\n<p>S.C Marketplace Universe S.R.L<br>Regele Ferdinand Nr.6, Scara A, Ap. 3<br>550200 Sibiu<br>Rum\u00e4nien<\/p>\n<!-- \/wp:paragraph -->\n\n<!-- wp:html -->\n<p><b>Online Streitbeilegung<\/b><\/p>\n<!-- \/wp:html -->\n\n<!-- wp:paragraph -->\n<p>Online Streitbeilegung gem\u00e4\u00df Art. 14 Abs. 1 ODR-VO: Die Europ\u00e4ische Kommission stellt eine Plattform zur Online-Streitbeilegung (OS) bereit, die Sie unter <a href=\"http:\/\/ec.europa.eu\/consumers\/odr\/\" target=\"_blank\" rel=\"noreferrer noopener\">http:\/\/ec.europa.eu\/consumers\/odr\/<\/a> finden.<\/p>\n<!-- \/wp:paragraph -->\n\n<!-- wp:paragraph -->\n<p><\/p>\n<!-- \/wp:paragraph -->\n\n<!-- wp:paragraph -->\n<p><\/p>\n<!-- \/wp:paragraph -->","_et_gb_content_width":"1080","footnotes":""},"class_list":["post-1124","page","type-page","status-publish","hentry"],"yoast_head":"<!-- This site is optimized with the Yoast SEO plugin v27.4 - https:\/\/yoast.com\/product\/yoast-seo-wordpress\/ -->\n<title>Impressum &#8211; Valerie Dichtl<\/title>\n<meta name=\"description\" content=\"Gelange hier zum Impressum von Valerie Dichtl - Authentic Ecommerce ...\" \/>\n<meta name=\"robots\" content=\"noindex, nofollow\" \/>\n<meta property=\"og:locale\" content=\"en_GB\" \/>\n<meta property=\"og:type\" content=\"article\" \/>\n<meta property=\"og:title\" content=\"Impressum &#8211; Valerie Dichtl\" \/>\n<meta property=\"og:description\" content=\"Gelange hier zum Impressum von Valerie Dichtl - Authentic Ecommerce ...\" \/>\n<meta property=\"og:url\" content=\"https:\/\/valerie-dichtl.com\/en\/impressum\/\" \/>\n<meta property=\"og:site_name\" content=\"Valerie Dichtl\" \/>\n<meta property=\"article:modified_time\" content=\"2024-12-02T12:53:17+00:00\" \/>\n<meta name=\"twitter:card\" content=\"summary_large_image\" \/>\n<meta name=\"twitter:label1\" content=\"Estimated reading time\" \/>\n\t<meta name=\"twitter:data1\" content=\"3 minutes\" \/>\n<script type=\"application\/ld+json\" class=\"yoast-schema-graph\">{\"@context\":\"https:\\\/\\\/schema.org\",\"@graph\":[{\"@type\":\"WebPage\",\"@id\":\"https:\\\/\\\/valerie-dichtl.com\\\/impressum\\\/\",\"url\":\"https:\\\/\\\/valerie-dichtl.com\\\/impressum\\\/\",\"name\":\"Impressum &#8211; Valerie Dichtl\",\"isPartOf\":{\"@id\":\"https:\\\/\\\/valerie-dichtl.com\\\/#website\"},\"datePublished\":\"2021-08-20T14:38:57+00:00\",\"dateModified\":\"2024-12-02T12:53:17+00:00\",\"description\":\"Gelange hier zum Impressum von Valerie Dichtl - Authentic Ecommerce ...\",\"breadcrumb\":{\"@id\":\"https:\\\/\\\/valerie-dichtl.com\\\/impressum\\\/#breadcrumb\"},\"inLanguage\":\"en-GB\",\"potentialAction\":[{\"@type\":\"ReadAction\",\"target\":[\"https:\\\/\\\/valerie-dichtl.com\\\/impressum\\\/\"]}]},{\"@type\":\"BreadcrumbList\",\"@id\":\"https:\\\/\\\/valerie-dichtl.com\\\/impressum\\\/#breadcrumb\",\"itemListElement\":[{\"@type\":\"ListItem\",\"position\":1,\"name\":\"Startseite\",\"item\":\"https:\\\/\\\/valerie-dichtl.com\\\/\"},{\"@type\":\"ListItem\",\"position\":2,\"name\":\"Impressum\"}]},{\"@type\":\"WebSite\",\"@id\":\"https:\\\/\\\/valerie-dichtl.com\\\/#website\",\"url\":\"https:\\\/\\\/valerie-dichtl.com\\\/\",\"name\":\"Valerie Dichtl\",\"description\":\"Authentic E-Commerce\",\"publisher\":{\"@id\":\"https:\\\/\\\/valerie-dichtl.com\\\/#organization\"},\"potentialAction\":[{\"@type\":\"SearchAction\",\"target\":{\"@type\":\"EntryPoint\",\"urlTemplate\":\"https:\\\/\\\/valerie-dichtl.com\\\/?s={search_term_string}\"},\"query-input\":{\"@type\":\"PropertyValueSpecification\",\"valueRequired\":true,\"valueName\":\"search_term_string\"}}],\"inLanguage\":\"en-GB\"},{\"@type\":\"Organization\",\"@id\":\"https:\\\/\\\/valerie-dichtl.com\\\/#organization\",\"name\":\"Valerie Dichtl Authentic E-Commerce\",\"url\":\"https:\\\/\\\/valerie-dichtl.com\\\/\",\"logo\":{\"@type\":\"ImageObject\",\"inLanguage\":\"en-GB\",\"@id\":\"https:\\\/\\\/valerie-dichtl.com\\\/#\\\/schema\\\/logo\\\/image\\\/\",\"url\":\"https:\\\/\\\/valerie-dichtl.com\\\/wp-content\\\/uploads\\\/2020\\\/01\\\/Valerie-Dichtl-won_klein_wei\u00df.jpg\",\"contentUrl\":\"https:\\\/\\\/valerie-dichtl.com\\\/wp-content\\\/uploads\\\/2020\\\/01\\\/Valerie-Dichtl-won_klein_wei\u00df.jpg\",\"width\":163,\"height\":37,\"caption\":\"Valerie Dichtl Authentic E-Commerce\"},\"image\":{\"@id\":\"https:\\\/\\\/valerie-dichtl.com\\\/#\\\/schema\\\/logo\\\/image\\\/\"},\"sameAs\":[\"https:\\\/\\\/www.linkedin.com\\\/in\\\/valerie-dichtl\\\/\"]}]}<\/script>\n<!-- \/ Yoast SEO plugin. -->","yoast_head_json":{"title":"Imprint - Valerie Dichtl","description":"Click here for the imprint of Valerie Dichtl - Authentic Ecommerce ...","robots":{"index":"noindex","follow":"nofollow"},"og_locale":"en_GB","og_type":"article","og_title":"Impressum &#8211; Valerie Dichtl","og_description":"Gelange hier zum Impressum von Valerie Dichtl - Authentic Ecommerce ...","og_url":"https:\/\/valerie-dichtl.com\/en\/impressum\/","og_site_name":"Valerie Dichtl","article_modified_time":"2024-12-02T12:53:17+00:00","twitter_card":"summary_large_image","twitter_misc":{"Estimated reading time":"3 minutes"},"schema":{"@context":"https:\/\/schema.org","@graph":[{"@type":"WebPage","@id":"https:\/\/valerie-dichtl.com\/impressum\/","url":"https:\/\/valerie-dichtl.com\/impressum\/","name":"Imprint - Valerie Dichtl","isPartOf":{"@id":"https:\/\/valerie-dichtl.com\/#website"},"datePublished":"2021-08-20T14:38:57+00:00","dateModified":"2024-12-02T12:53:17+00:00","description":"Click here for the imprint of Valerie Dichtl - Authentic Ecommerce ...","breadcrumb":{"@id":"https:\/\/valerie-dichtl.com\/impressum\/#breadcrumb"},"inLanguage":"en-GB","potentialAction":[{"@type":"ReadAction","target":["https:\/\/valerie-dichtl.com\/impressum\/"]}]},{"@type":"BreadcrumbList","@id":"https:\/\/valerie-dichtl.com\/impressum\/#breadcrumb","itemListElement":[{"@type":"ListItem","position":1,"name":"Startseite","item":"https:\/\/valerie-dichtl.com\/"},{"@type":"ListItem","position":2,"name":"Impressum"}]},{"@type":"WebSite","@id":"https:\/\/valerie-dichtl.com\/#website","url":"https:\/\/valerie-dichtl.com\/","name":"Valerie Dichtl","description":"Authentic e-commerce","publisher":{"@id":"https:\/\/valerie-dichtl.com\/#organization"},"potentialAction":[{"@type":"SearchAction","target":{"@type":"EntryPoint","urlTemplate":"https:\/\/valerie-dichtl.com\/?s={search_term_string}"},"query-input":{"@type":"PropertyValueSpecification","valueRequired":true,"valueName":"search_term_string"}}],"inLanguage":"en-GB"},{"@type":"Organization","@id":"https:\/\/valerie-dichtl.com\/#organization","name":"Valerie Dichtl Authentic E-Commerce","url":"https:\/\/valerie-dichtl.com\/","logo":{"@type":"ImageObject","inLanguage":"en-GB","@id":"https:\/\/valerie-dichtl.com\/#\/schema\/logo\/image\/","url":"https:\/\/valerie-dichtl.com\/wp-content\/uploads\/2020\/01\/Valerie-Dichtl-won_klein_wei\u00df.jpg","contentUrl":"https:\/\/valerie-dichtl.com\/wp-content\/uploads\/2020\/01\/Valerie-Dichtl-won_klein_wei\u00df.jpg","width":163,"height":37,"caption":"Valerie Dichtl Authentic E-Commerce"},"image":{"@id":"https:\/\/valerie-dichtl.com\/#\/schema\/logo\/image\/"},"sameAs":["https:\/\/www.linkedin.com\/in\/valerie-dichtl\/"]}]}},"_links":{"self":[{"href":"https:\/\/valerie-dichtl.com\/en\/wp-json\/wp\/v2\/pages\/1124","targetHints":{"allow":["GET"]}}],"collection":[{"href":"https:\/\/valerie-dichtl.com\/en\/wp-json\/wp\/v2\/pages"}],"about":[{"href":"https:\/\/valerie-dichtl.com\/en\/wp-json\/wp\/v2\/types\/page"}],"author":[{"embeddable":true,"href":"https:\/\/valerie-dichtl.com\/en\/wp-json\/wp\/v2\/users\/3"}],"replies":[{"embeddable":true,"href":"https:\/\/valerie-dichtl.com\/en\/wp-json\/wp\/v2\/comments?post=1124"}],"version-history":[{"count":15,"href":"https:\/\/valerie-dichtl.com\/en\/wp-json\/wp\/v2\/pages\/1124\/revisions"}],"predecessor-version":[{"id":1422,"href":"https:\/\/valerie-dichtl.com\/en\/wp-json\/wp\/v2\/pages\/1124\/revisions\/1422"}],"wp:attachment":[{"href":"https:\/\/valerie-dichtl.com\/en\/wp-json\/wp\/v2\/media?parent=1124"}],"curies":[{"name":"wp","href":"https:\/\/api.w.org\/{rel}","templated":true}]}}